{"id":8765,"date":"2020-10-10T15:09:55","date_gmt":"2020-10-10T15:09:55","guid":{"rendered":"https:\/\/wolles-elektronikkiste.de\/legal-notice"},"modified":"2020-11-29T12:14:26","modified_gmt":"2020-11-29T12:14:26","slug":"legal-notice","status":"publish","type":"page","link":"https:\/\/wolles-elektronikkiste.de\/en\/legal-notice","title":{"rendered":"Legal notice"},"content":{"rendered":"\n<h1 class=\"adsimple-321097342\">Legal notice<\/h1>\n<p class=\"adsimple-321097342\">Obligation to provide information in accordance with Section 5 TMG (German regulation).<\/p>\n<p>Wolfgang Ewald<\/p>\n<p class=\"adsimple-321097342\">Obere Bergstra\u00dfe 23, <br>41844 Wegberg, <br>Germany<\/p>\n<p class=\"adsimple-321097342\"><strong>Phone:<\/strong> ++49 1738320699<br><strong>E-Mail:<\/strong> <a>wolfgang.ewald@wolles-elektronikkiste.de<\/a><\/p>\n<p>Source: Created with the imprint Generator by <a title=\"Impressum Generator von Content Marketing Agentur AdSimple.de\" href=\"https:\/\/www.adsimple.de\/impressum-generator\/\" target=\"_blank\" rel=\"follow noopener noreferrer\">www.adsimple.de<\/a> in cooperation with <a title=\"\" href=\"https:\/\/www.wienett.com\/\" target=\"_blank\" rel=\"follow noopener noreferrer\">wienett.com<\/a><\/p>\n<h2 class=\"adsimple-321097342\">EU-Streitschlichtung<\/h2>\n<p>Gem\u00e4\u00df Verordnung \u00fcber Online-Streitbeilegung in Verbraucherangelegenheiten (ODR-Verordnung) m\u00f6chten wir Sie \u00fcber die Online-Streitbeilegungsplattform (OS-Plattform) informieren.<br>Verbraucher haben die M\u00f6glichkeit, Beschwerden an die Online Streitbeilegungsplattform der Europ\u00e4ischen Kommission unter <a class=\"adsimple-321097342\" href=\"https:\/\/ec.europa.eu\/consumers\/odr\/main\/index.cfm?event=main.home2.show&amp;lng=DE\" target=\"_blank\" rel=\"noopener noreferrer\">http:\/\/ec.europa.eu\/odr?tid=321097342<\/a> zu richten. Die daf\u00fcr notwendigen Kontaktdaten finden Sie oberhalb in unserem Impressum.<\/p>\n<p>Wir m\u00f6chten Sie jedoch darauf hinweisen, dass wir nicht bereit oder verpflichtet sind, an Streitbeilegungsverfahren vor einer Verbraucherschlichtungsstelle teilzunehmen.<\/p>\n<h2 class=\"adsimple-321097342\">Haftung f\u00fcr Inhalte dieser Website<\/h2>\n<p>Wir entwickeln die Inhalte dieser Webseite st\u00e4ndig weiter und bem\u00fchen uns korrekte und aktuelle Informationen bereitzustellen. Laut Telemediengesetz <a class=\"adsimple-321097342\" href=\"https:\/\/www.gesetze-im-internet.de\/tmg\/__7.html?tid=321097342\" target=\"_blank\" rel=\"noopener noreferrer\">(TMG) \u00a77 (1)<\/a> sind wir als Diensteanbieter f\u00fcr eigene Informationen, die wir zur Nutzung bereitstellen, nach den allgemeinen Gesetzen verantwortlich. Leider k\u00f6nnen wir keine Haftung f\u00fcr die Korrektheit aller Inhalte auf dieser Webseite \u00fcbernehmen, speziell f\u00fcr jene die seitens Dritter bereitgestellt wurden. Als Diensteanbieter im Sinne der \u00a7\u00a7 8 bis 10 sind wir nicht verpflichtet, die von ihnen \u00fcbermittelten oder gespeicherten Informationen zu \u00fcberwachen oder nach Umst\u00e4nden zu forschen, die auf eine rechtswidrige T\u00e4tigkeit hinweisen.<\/p>\n<p>Unsere Verpflichtungen zur Entfernung von Informationen oder zur Sperrung der Nutzung von Informationen nach den allgemeinen Gesetzen aufgrund von gerichtlichen oder beh\u00f6rdlichen Anordnungen bleiben auch im Falle unserer Nichtverantwortlichkeit nach den \u00a7\u00a7 8 bis 10 unber\u00fchrt.<\/p>\n<p>Sollten Ihnen problematische oder rechtswidrige Inhalte auffallen, bitte wir Sie uns umgehend zu kontaktieren, damit wir die rechtswidrigen Inhalte entfernen k\u00f6nnen. Sie finden die Kontaktdaten im Impressum.<\/p>\n<h2 class=\"adsimple-321097342\">Haftung f\u00fcr Links auf dieser Website<\/h2>\n<p>Unsere Webseite enth\u00e4lt Links zu anderen Webseiten f\u00fcr deren Inhalt wir nicht verantwortlich sind. Haftung f\u00fcr verlinkte Websites besteht f\u00fcr uns nicht, da wir keine Kenntnis rechtswidriger T\u00e4tigkeiten hatten und haben, uns solche Rechtswidrigkeiten auch bisher nicht aufgefallen sind und wir Links sofort entfernen w\u00fcrden, wenn uns Rechtswidrigkeiten bekannt werden.<\/p>\n<p>Wenn Ihnen rechtswidrige Links auf unserer Website auffallen, bitte wir Sie uns zu kontaktieren. Sie finden die Kontaktdaten im Impressum.<\/p>\n<h2 class=\"adsimple-321097342\">Copyright<\/h2>\n<p>All contents of this website (pictures, photos, texts, videos) are subject to the copyright of the Federal Republic of Germany. Please ask us before you distribute, reproduce or republish the contents of this website, such as republishing it on other websites. If necessary, we will legally prosecute the unauthorized use of parts of the content of our site.<\/p>\n<p>If you find content on this website that infringes copyright, please contact us.<\/p>\n<h2 class=\"adsimple-321097342\">Photo copyrights<\/h2>\n<p>The images, photos and graphics on this website are copyrighted or are from <a href=\"https:\/\/pixabay.com\/de\/\">pixabay<\/a>.<\/p>\n<p>The image rights are owned by the following photographers and companies:<\/p>\n<ul class=\"adsimple-321097342\">\n<li class=\"adsimple-321097342\">Wolfgang Ewald<\/li>\n<li>or are subject to the terms and conditions of pixabay<\/li>\n<\/ul>\n<p>Source: Created with <a title=\"Datenschutz Generator von Content Marketing Agentur AdSimple.de\" href=\"https:\/\/www.adsimple.de\/datenschutz-generator\/\" target=\"_blank\" rel=\"follow noopener noreferrer\">adsimple.de&#8217;s<\/a> Privacy Generator in cooperation with <a title=\"\" href=\"https:\/\/www.bondomum.de\/\" target=\"_blank\" rel=\"follow noopener noreferrer\">bondomum.de<\/a><\/p>\n","protected":false},"excerpt":{"rendered":"<p>Legal notice Obligation to provide information in accordance with Section 5 TMG (German regulation). Wolfgang Ewald Obere Bergstra\u00dfe 23, 41844 Wegberg, Germany Phone: ++49 1738320699E-Mail: wolfgang.ewald@wolles-elektronikkiste.de Source: Created&#8230;<\/p>\n","protected":false},"author":1,"featured_media":0,"parent":0,"menu_order":0,"comment_status":"closed","ping_status":"closed","template":"","meta":{"footnotes":""},"class_list":["post-8765","page","type-page","status-publish","hentry"],"yoast_head":"<!-- This site is optimized with the Yoast SEO plugin v27.4 - https:\/\/yoast.com\/product\/yoast-seo-wordpress\/ -->\n<title>Legal notice &#8226; Wolles Elektronikkiste<\/title>\n<meta name=\"robots\" content=\"index, follow, max-snippet:-1, max-image-preview:large, max-video-preview:-1\" \/>\n<link rel=\"canonical\" href=\"https:\/\/wolles-elektronikkiste.de\/en\/legal-notice\" \/>\n<meta property=\"og:locale\" content=\"en_US\" \/>\n<meta property=\"og:type\" content=\"article\" \/>\n<meta property=\"og:title\" content=\"Legal notice &#8226; Wolles Elektronikkiste\" \/>\n<meta property=\"og:description\" content=\"Legal notice Obligation to provide information in accordance with Section 5 TMG (German regulation). Wolfgang Ewald Obere Bergstra\u00dfe 23, 41844 Wegberg, Germany Phone: ++49 1738320699E-Mail: wolfgang.ewald@wolles-elektronikkiste.de Source: Created...\" \/>\n<meta property=\"og:url\" content=\"https:\/\/wolles-elektronikkiste.de\/en\/legal-notice\" \/>\n<meta property=\"og:site_name\" content=\"Wolles Elektronikkiste\" \/>\n<meta property=\"article:modified_time\" content=\"2020-11-29T12:14:26+00:00\" \/>\n<meta name=\"twitter:card\" content=\"summary_large_image\" \/>\n<meta name=\"twitter:label1\" content=\"Est. reading time\" \/>\n\t<meta name=\"twitter:data1\" content=\"2 minutes\" \/>\n<script type=\"application\/ld+json\" class=\"yoast-schema-graph\">{\"@context\":\"https:\\\/\\\/schema.org\",\"@graph\":[{\"@type\":\"WebPage\",\"@id\":\"https:\\\/\\\/wolles-elektronikkiste.de\\\/en\\\/legal-notice\",\"url\":\"https:\\\/\\\/wolles-elektronikkiste.de\\\/en\\\/legal-notice\",\"name\":\"Legal notice &#8226; Wolles Elektronikkiste\",\"isPartOf\":{\"@id\":\"https:\\\/\\\/wolles-elektronikkiste.de\\\/en#website\"},\"datePublished\":\"2020-10-10T15:09:55+00:00\",\"dateModified\":\"2020-11-29T12:14:26+00:00\",\"breadcrumb\":{\"@id\":\"https:\\\/\\\/wolles-elektronikkiste.de\\\/en\\\/legal-notice#breadcrumb\"},\"inLanguage\":\"en-US\",\"potentialAction\":[{\"@type\":\"ReadAction\",\"target\":[\"https:\\\/\\\/wolles-elektronikkiste.de\\\/en\\\/legal-notice\"]}]},{\"@type\":\"BreadcrumbList\",\"@id\":\"https:\\\/\\\/wolles-elektronikkiste.de\\\/en\\\/legal-notice#breadcrumb\",\"itemListElement\":[{\"@type\":\"ListItem\",\"position\":1,\"name\":\"Startseite\",\"item\":\"https:\\\/\\\/wolles-elektronikkiste.de\\\/en\"},{\"@type\":\"ListItem\",\"position\":2,\"name\":\"Legal notice\"}]},{\"@type\":\"WebSite\",\"@id\":\"https:\\\/\\\/wolles-elektronikkiste.de\\\/en#website\",\"url\":\"https:\\\/\\\/wolles-elektronikkiste.de\\\/en\",\"name\":\"Wolles Elektronikkiste\",\"description\":\"Die wunderbare Welt der Elektronik\",\"publisher\":{\"@id\":\"https:\\\/\\\/wolles-elektronikkiste.de\\\/en#\\\/schema\\\/person\\\/b774e4d64b4766889a2f7c6e5ec85b46\"},\"potentialAction\":[{\"@type\":\"SearchAction\",\"target\":{\"@type\":\"EntryPoint\",\"urlTemplate\":\"https:\\\/\\\/wolles-elektronikkiste.de\\\/en?s={search_term_string}\"},\"query-input\":{\"@type\":\"PropertyValueSpecification\",\"valueRequired\":true,\"valueName\":\"search_term_string\"}}],\"inLanguage\":\"en-US\"},{\"@type\":[\"Person\",\"Organization\"],\"@id\":\"https:\\\/\\\/wolles-elektronikkiste.de\\\/en#\\\/schema\\\/person\\\/b774e4d64b4766889a2f7c6e5ec85b46\",\"name\":\"Wolfgang Ewald\",\"image\":{\"@type\":\"ImageObject\",\"inLanguage\":\"en-US\",\"@id\":\"https:\\\/\\\/wolles-elektronikkiste.de\\\/wp-content\\\/uploads\\\/2019\\\/03\\\/cropped-Logo-1.png\",\"url\":\"https:\\\/\\\/wolles-elektronikkiste.de\\\/wp-content\\\/uploads\\\/2019\\\/03\\\/cropped-Logo-1.png\",\"contentUrl\":\"https:\\\/\\\/wolles-elektronikkiste.de\\\/wp-content\\\/uploads\\\/2019\\\/03\\\/cropped-Logo-1.png\",\"width\":512,\"height\":512,\"caption\":\"Wolfgang Ewald\"},\"logo\":{\"@id\":\"https:\\\/\\\/wolles-elektronikkiste.de\\\/wp-content\\\/uploads\\\/2019\\\/03\\\/cropped-Logo-1.png\"}}]}<\/script>\n<!-- \/ Yoast SEO plugin. -->","yoast_head_json":{"title":"Legal notice &#8226; Wolles Elektronikkiste","robots":{"index":"index","follow":"follow","max-snippet":"max-snippet:-1","max-image-preview":"max-image-preview:large","max-video-preview":"max-video-preview:-1"},"canonical":"https:\/\/wolles-elektronikkiste.de\/en\/legal-notice","og_locale":"en_US","og_type":"article","og_title":"Legal notice &#8226; Wolles Elektronikkiste","og_description":"Legal notice Obligation to provide information in accordance with Section 5 TMG (German regulation). Wolfgang Ewald Obere Bergstra\u00dfe 23, 41844 Wegberg, Germany Phone: ++49 1738320699E-Mail: wolfgang.ewald@wolles-elektronikkiste.de Source: Created...","og_url":"https:\/\/wolles-elektronikkiste.de\/en\/legal-notice","og_site_name":"Wolles Elektronikkiste","article_modified_time":"2020-11-29T12:14:26+00:00","twitter_card":"summary_large_image","twitter_misc":{"Est. reading time":"2 minutes"},"schema":{"@context":"https:\/\/schema.org","@graph":[{"@type":"WebPage","@id":"https:\/\/wolles-elektronikkiste.de\/en\/legal-notice","url":"https:\/\/wolles-elektronikkiste.de\/en\/legal-notice","name":"Legal notice &#8226; Wolles Elektronikkiste","isPartOf":{"@id":"https:\/\/wolles-elektronikkiste.de\/en#website"},"datePublished":"2020-10-10T15:09:55+00:00","dateModified":"2020-11-29T12:14:26+00:00","breadcrumb":{"@id":"https:\/\/wolles-elektronikkiste.de\/en\/legal-notice#breadcrumb"},"inLanguage":"en-US","potentialAction":[{"@type":"ReadAction","target":["https:\/\/wolles-elektronikkiste.de\/en\/legal-notice"]}]},{"@type":"BreadcrumbList","@id":"https:\/\/wolles-elektronikkiste.de\/en\/legal-notice#breadcrumb","itemListElement":[{"@type":"ListItem","position":1,"name":"Startseite","item":"https:\/\/wolles-elektronikkiste.de\/en"},{"@type":"ListItem","position":2,"name":"Legal notice"}]},{"@type":"WebSite","@id":"https:\/\/wolles-elektronikkiste.de\/en#website","url":"https:\/\/wolles-elektronikkiste.de\/en","name":"Wolles Elektronikkiste","description":"Die wunderbare Welt der Elektronik","publisher":{"@id":"https:\/\/wolles-elektronikkiste.de\/en#\/schema\/person\/b774e4d64b4766889a2f7c6e5ec85b46"},"potentialAction":[{"@type":"SearchAction","target":{"@type":"EntryPoint","urlTemplate":"https:\/\/wolles-elektronikkiste.de\/en?s={search_term_string}"},"query-input":{"@type":"PropertyValueSpecification","valueRequired":true,"valueName":"search_term_string"}}],"inLanguage":"en-US"},{"@type":["Person","Organization"],"@id":"https:\/\/wolles-elektronikkiste.de\/en#\/schema\/person\/b774e4d64b4766889a2f7c6e5ec85b46","name":"Wolfgang Ewald","image":{"@type":"ImageObject","inLanguage":"en-US","@id":"https:\/\/wolles-elektronikkiste.de\/wp-content\/uploads\/2019\/03\/cropped-Logo-1.png","url":"https:\/\/wolles-elektronikkiste.de\/wp-content\/uploads\/2019\/03\/cropped-Logo-1.png","contentUrl":"https:\/\/wolles-elektronikkiste.de\/wp-content\/uploads\/2019\/03\/cropped-Logo-1.png","width":512,"height":512,"caption":"Wolfgang Ewald"},"logo":{"@id":"https:\/\/wolles-elektronikkiste.de\/wp-content\/uploads\/2019\/03\/cropped-Logo-1.png"}}]}},"_links":{"self":[{"href":"https:\/\/wolles-elektronikkiste.de\/en\/wp-json\/wp\/v2\/pages\/8765","targetHints":{"allow":["GET"]}}],"collection":[{"href":"https:\/\/wolles-elektronikkiste.de\/en\/wp-json\/wp\/v2\/pages"}],"about":[{"href":"https:\/\/wolles-elektronikkiste.de\/en\/wp-json\/wp\/v2\/types\/page"}],"author":[{"embeddable":true,"href":"https:\/\/wolles-elektronikkiste.de\/en\/wp-json\/wp\/v2\/users\/1"}],"replies":[{"embeddable":true,"href":"https:\/\/wolles-elektronikkiste.de\/en\/wp-json\/wp\/v2\/comments?post=8765"}],"version-history":[{"count":0,"href":"https:\/\/wolles-elektronikkiste.de\/en\/wp-json\/wp\/v2\/pages\/8765\/revisions"}],"wp:attachment":[{"href":"https:\/\/wolles-elektronikkiste.de\/en\/wp-json\/wp\/v2\/media?parent=8765"}],"curies":[{"name":"wp","href":"https:\/\/api.w.org\/{rel}","templated":true}]}}